{"id":199,"date":"2021-10-23T14:46:05","date_gmt":"2021-10-23T14:46:05","guid":{"rendered":"https:\/\/validthemes.net\/themeforest\/wp\/dustra\/?page_id=199"},"modified":"2025-12-18T09:51:27","modified_gmt":"2025-12-18T09:51:27","slug":"a-propos-de-nous","status":"publish","type":"page","link":"https:\/\/fomi.bi\/fr\/a-propos-de-nous\/","title":{"rendered":"A propos de nous"},"content":{"rendered":"\t\t<div data-elementor-type=\"wp-page\" data-elementor-id=\"199\" class=\"elementor elementor-199\">\n\t\t\t\t\t\t<section class=\"elementor-section elementor-top-section elementor-element elementor-element-d2e76d4 elementor-section-full_width elementor-section-stretched elementor-section-height-default elementor-section-height-default\" data-id=\"d2e76d4\" data-element_type=\"section\" data-settings=\"{&quot;stretch_section&quot;:&quot;section-stretched&quot;}\">\n\t\t\t\t\t\t<div class=\"elementor-container elementor-column-gap-no\">\n\t\t\t\t\t<div class=\"elementor-column elementor-col-100 elementor-top-column elementor-element elementor-element-4b8534a\" data-id=\"4b8534a\" data-element_type=\"column\">\n\t\t\t<div class=\"elementor-widget-wrap elementor-element-populated\">\n\t\t\t\t\t\t<div class=\"elementor-element elementor-element-7dc233c elementor-widget elementor-widget-about\" data-id=\"7dc233c\" data-element_type=\"widget\" data-widget_type=\"about.default\">\n\t\t\t\t<div class=\"elementor-widget-container\">\n\t\t\t\t\t    <!-- Start Our About\r\n    ============================================= -->\r\n    <div class=\"about-area overflow-hidden shape-box default-padding\" >\r\n    \t <!-- Fixed Shape -->\r\n        <div class=\"fixed-shape\">\r\n            <img decoding=\"async\" src=\"https:\/\/fomi.bi\/fr\/wp-content\/themes\/dustra\/assets\/img\/shape\/1.png\" alt=\"dustra\">\r\n        <\/div>\r\n        <!-- End Fixed Shape -->\r\n        <div class=\"container\">\r\n            <div class=\"about-box\">\r\n                <div class=\"row align-center\">\r\n                    <div class=\"col-lg-6 thumb-left\">\r\n                        <div class=\"thumb\">\r\n                        \t                        \t\t<img decoding=\"async\" class=\"item-mousemove\" src=\"https:\/\/fomi.bi\/fr\/wp-content\/uploads\/sites\/2\/2021\/10\/565189759_1134234332217855_4479473955567924077_n.jpg\" alt=\"dustra\">\r\n                            \t\t\r\n                           \r\n                                                        <div class=\"experiecne\">\r\n                                <h2>6<\/h2>\r\n                                <h5>Ann\u00e9es d\u2019exp\u00e9rience dans le domaine de la fabrication d\u2019engrais organo-min\u00e9raux<\/h5>\r\n                            <\/div>\r\n                                                    <\/div>\r\n                    <\/div>\r\n                    <div class=\"col-lg-6 info\">\r\n                        <h2>\u00c0 propos de nous<\/h2><p>FOMI est une usine qui fabrique des engrais organo-min\u00e9raux ainsi que de la chaux agricole. Elle est situ\u00e9e sur la Route Nationale 5, \u00e0 9 km du centre-ville de Bujumbura, non loin de l\u2019a\u00e9roport international.<\/p><p>Premi\u00e8re usine d\u2019engrais organo-min\u00e9raux au Burundi et l\u2019une des rares dans la sous-r\u00e9gion, FOMI ambitionne de devenir un producteur majeur d\u2019engrais organo-min\u00e9raux. L\u2019entreprise produit \u00e9galement de la chaux agricole.<\/p><p>FOMI est engag\u00e9e dans la protection de l\u2019environnement et investit dans la recherche et le d\u00e9veloppement afin de mettre sur le march\u00e9 des technologies innovantes.<\/p>                        <div class=\"bottom\">\r\n                        \t                            \t                            <div class=\"button\">\r\n\t                                <a class=\"btn btn-theme effect btn-md\" href=\"https:\/\/fomi.bi\/fr\/contactez-nous\/\">Contactez nous<\/a>\r\n\t                            <\/div>\r\n                        \t                        <\/div>\r\n                    <\/div>\r\n                <\/div>\r\n            <\/div>\r\n        <\/div>\r\n    <\/div>\r\n    <!-- End Our About -->\r\n\r\n\t\t\t\t\t<\/div>\n\t\t\t\t<\/div>\n\t\t\t\t\t<\/div>\n\t\t<\/div>\n\t\t\t\t\t<\/div>\n\t\t<\/section>\n\t\t\t\t<section class=\"elementor-section elementor-top-section elementor-element elementor-element-50fbb0d elementor-section-full_width elementor-section-stretched elementor-section-height-default elementor-section-height-default\" data-id=\"50fbb0d\" data-element_type=\"section\" data-settings=\"{&quot;stretch_section&quot;:&quot;section-stretched&quot;}\">\n\t\t\t\t\t\t<div class=\"elementor-container elementor-column-gap-no\">\n\t\t\t\t\t<div class=\"elementor-column elementor-col-100 elementor-top-column elementor-element elementor-element-73a74a2\" data-id=\"73a74a2\" data-element_type=\"column\">\n\t\t\t<div class=\"elementor-widget-wrap elementor-element-populated\">\n\t\t\t\t\t\t<div class=\"elementor-element elementor-element-94d4f76 elementor-widget elementor-widget-chose\" data-id=\"94d4f76\" data-element_type=\"widget\" data-widget_type=\"chose.default\">\n\t\t\t\t<div class=\"elementor-widget-container\">\n\t\t\t\t\t\r\n\t<!-- Start Why Chose Us \r\n    ============================================= -->\r\n    <div class=\"why-us-area default-padding shadow bg-dark text-light\">\r\n        <!-- Fixed Thumb -->\r\n        <div class=\"fixed-thumb bg-cover\" style=\"background-image: url(https:\/\/fomi.bi\/fr\/wp-content\/uploads\/sites\/2\/2021\/10\/512403704_1042733678034588_8990473093053894953_n.jpg);\"><\/div>\r\n        <!-- End Fixed Thumb -->\r\n        <div class=\"container\">\r\n            <div class=\"row align-center\">\r\n                <div class=\"col-lg-5 offset-lg-3 left-info\">\r\n                    <div class=\"content\">\r\n                        <h4>Nos valeurs fondamentales<\/h4>\r\n                        <h2>.Innovation<br>.Durabilit\u00e9<br>.Autonomisation des agriculteurs<br>.Qualit\u00e9<br>.Responsabilit\u00e9 environnementale<\/h2>\r\n                                            <\/div>\r\n                <\/div>\r\n                <div class=\"col-lg-4 info\">\r\n                    <div class=\"content\">\r\n                        <ul>\r\n                            \t                            <li>\r\n\t                            \t\t                                \t<h5>Notre mission<\/h5>\r\n\t                            \t\t                            \t\t                                \t<p>Nous soutenons les agriculteurs, les coop\u00e9ratives et les acteurs du secteur agricole en proposant des solutions efficaces et abordables qui am\u00e9liorent la sant\u00e9 des sols, optimisent les rendements des cultures et favorisent la protection de l'environnement \u00e0 long terme.<\/p>\r\n\t                                \t                            <\/li>\r\n                            \t                            <li>\r\n\t                            \t\t                                \t<h5>Notre vision<\/h5>\r\n\t                            \t\t                            \t\t                                \t<p>\u00catre une entreprise leader dans la production d'engrais organo-min\u00e9raux de qualit\u00e9 dans la sous-r\u00e9gion.<\/p>\r\n\t                                \t                            <\/li>\r\n                            \t                            <li>\r\n\t                            \t\t                                \t<h5>Notre objectif<\/h5>\r\n\t                            \t\t                            \t\t                                \t<p>Produire des engrais organo-min\u00e9raux et de la chaux agricole de meilleure qualit\u00e9 et en quantit\u00e9s suffisantes.<\/p>\r\n\t                                \t                            <\/li>\r\n                                                    <\/ul>\r\n                    <\/div>\r\n                <\/div>\r\n            <\/div>\r\n        <\/div>\r\n    <\/div>\r\n    <!-- End Why Chose Us -->\r\n    \t\t\t\t<\/div>\n\t\t\t\t<\/div>\n\t\t\t\t\t<\/div>\n\t\t<\/div>\n\t\t\t\t\t<\/div>\n\t\t<\/section>\n\t\t\t\t<section class=\"elementor-section elementor-top-section elementor-element elementor-element-5fcd515 elementor-section-full_width elementor-section-stretched elementor-section-height-default elementor-section-height-default\" data-id=\"5fcd515\" data-element_type=\"section\" data-settings=\"{&quot;stretch_section&quot;:&quot;section-stretched&quot;,&quot;background_background&quot;:&quot;classic&quot;}\">\n\t\t\t\t\t\t<div class=\"elementor-container elementor-column-gap-no\">\n\t\t\t\t\t<div class=\"elementor-column elementor-col-100 elementor-top-column elementor-element elementor-element-4888572\" data-id=\"4888572\" data-element_type=\"column\">\n\t\t\t<div class=\"elementor-widget-wrap elementor-element-populated\">\n\t\t\t\t\t\t<div class=\"elementor-element elementor-element-1a31f01 elementor-widget elementor-widget-workprocess\" data-id=\"1a31f01\" data-element_type=\"widget\" data-widget_type=\"workprocess.default\">\n\t\t\t\t<div class=\"elementor-widget-container\">\n\t\t\t\t\t\t    <!-- Start Work Porccess \r\n    ============================================= -->\r\n    <div class=\"work-process-area inc-img relative default-padding bottom-less bg-fixed\" style=\"background-image: url(https:\/\/fomi.bi\/fr\/wp-content\/themes\/dustra\/assets\/img\/bg.png);\" id=\"workprocess\">\r\n        <div class=\"container\">\r\n            <div class=\"row\">\r\n                <div class=\"col-lg-8 offset-lg-2\">\r\n                    <div class=\"site-heading text-center\">\r\n                        \t\t                    \t\t\t\t\t\t\t\t\t                        <p>Engag\u00e9s pour la protection de l\u2019environnement et une agriculture r\u00e9siliente au climat, voici nos piliers de durabilit\u00e9.<\/p>\r\n\t\t\t                                    <\/div>\r\n                <\/div>\r\n            <\/div>\r\n            <div class=\"work-pro-items\">\r\n                <div class=\"row\">\r\n                \t                    <div class=\"col-lg-4 col-md-6 single-item\">\r\n                        <div class=\"item\">\r\n                            <div class=\"item-inner\">\r\n                                                                                                    \t<img decoding=\"async\" src=\"\">\r\n                                                                                                    \r\n                                \t<h4>Transformation des d\u00e9chets et valorisation des ressources<\/h4>\r\n                                                                <p>\r\n                                    FOMI transforme les d\u00e9chets organiques en engrais, r\u00e9duisant ainsi la pollution et am\u00e9liorant la s\u00e9questration du carbone dans les sols. \r\n                                <\/p>\r\n                            <\/div>\r\n                        <\/div>\r\n                    <\/div>\r\n                                        <div class=\"col-lg-4 col-md-6 single-item\">\r\n                        <div class=\"item\">\r\n                            <div class=\"item-inner\">\r\n                                                                                                    \t<img decoding=\"async\" src=\"\">\r\n                                                                                                    \r\n                                \t<h4>Production \u00e9co-responsable<\/h4>\r\n                                                                <p>\r\n                                    Nous utilisons des technologies propres qui minimisent les \u00e9missions et pr\u00e9servent les \u00e9cosyst\u00e8mes. \r\n                                <\/p>\r\n                            <\/div>\r\n                        <\/div>\r\n                    <\/div>\r\n                                        <div class=\"col-lg-4 col-md-6 single-item\">\r\n                        <div class=\"item\">\r\n                            <div class=\"item-inner\">\r\n                                                                                                    \t<img decoding=\"async\" src=\"\">\r\n                                                                                                    \r\n                                \t<h4>Att\u00e9nuation des changements climatiques<\/h4>\r\n                                                                <p>\r\n                                    En am\u00e9liorant la fertilit\u00e9 des sols et en promouvant une agriculture r\u00e9g\u00e9n\u00e9ratrice, FOMI contribue \u00e0 la r\u00e9silience climatique et \u00e0 la s\u00e9curit\u00e9 alimentaire \u00e0 long terme. \r\n                                <\/p>\r\n                            <\/div>\r\n                        <\/div>\r\n                    <\/div>\r\n                    \r\n                <\/div>\r\n            <\/div>\r\n        <\/div>\r\n    <\/div>\r\n    <!-- End Work Porccess -->\r\n\t\t\t\t\t\t<\/div>\n\t\t\t\t<\/div>\n\t\t\t\t\t<\/div>\n\t\t<\/div>\n\t\t\t\t\t<\/div>\n\t\t<\/section>\n\t\t<div class=\"elementor-element elementor-element-3788cc0 e-con-full e-flex e-con e-parent\" data-id=\"3788cc0\" data-element_type=\"container\">\n\t\t<div class=\"elementor-element elementor-element-8b1c6b8 e-con-full e-flex e-con e-child\" data-id=\"8b1c6b8\" data-element_type=\"container\">\n\t\t\t\t<\/div>\n\t\t\t\t<\/div>\n\t\t\t\t<section class=\"elementor-section elementor-top-section elementor-element elementor-element-25c4325 elementor-section-full_width elementor-section-stretched elementor-section-height-default elementor-section-height-default\" data-id=\"25c4325\" data-element_type=\"section\" data-settings=\"{&quot;stretch_section&quot;:&quot;section-stretched&quot;}\">\n\t\t\t\t\t\t<div class=\"elementor-container elementor-column-gap-no\">\n\t\t\t\t\t<div class=\"elementor-column elementor-col-100 elementor-top-column elementor-element elementor-element-760a40c\" data-id=\"760a40c\" data-element_type=\"column\">\n\t\t\t<div class=\"elementor-widget-wrap elementor-element-populated\">\n\t\t\t\t\t\t<div class=\"elementor-element elementor-element-9503ad8 elementor-widget elementor-widget-clients\" data-id=\"9503ad8\" data-element_type=\"widget\" data-widget_type=\"clients.default\">\n\t\t\t\t<div class=\"elementor-widget-container\">\n\t\t\t\t\t\r\n\t<!-- Start Clients Area\r\n    ============================================= -->\r\n    <div class=\"clients-area default-padding bg-dark text-light\">\r\n    \t        <!-- End Fixed Shape -->\r\n        <div class=\"container\">\r\n            <div class=\"clients-item-box\">\r\n                <div class=\"row align-center\">\r\n                    <div class=\"col-lg-5 left-info\">\r\n                        <h2>Nos partenaires<\/h2>\r\n                        <p>\r\n                                                    <\/p>\r\n                    <\/div>\r\n                    <div class=\"col-lg-6 offset-lg-1 clients-box\">\r\n                        <div class=\"clients-items owl-carousel owl-theme text-center\">\r\n                            \t                            <div class=\"single-item\">\r\n\t                                <a href=\"https:\/\/fomi.bi\/fr\/wp-content\/uploads\/sites\/2\/2021\/10\/bcab_logo-2025-copy.jpg\"><img decoding=\"async\" src=\"https:\/\/fomi.bi\/fr\/wp-content\/uploads\/sites\/2\/2021\/10\/bcab_logo-2025-copy.jpg\" alt=\"dustra\"><\/a>\r\n\t                            <\/div>\r\n\t                        \t                            <div class=\"single-item\">\r\n\t                                <a href=\"https:\/\/fomi.bi\/fr\/wp-content\/uploads\/sites\/2\/2021\/10\/itracom.jpg\"><img decoding=\"async\" src=\"https:\/\/fomi.bi\/fr\/wp-content\/uploads\/sites\/2\/2021\/10\/itracom.jpg\" alt=\"dustra\"><\/a>\r\n\t                            <\/div>\r\n\t                        \t                            <div class=\"single-item\">\r\n\t                                <a href=\"https:\/\/fomi.bi\/fr\/wp-content\/uploads\/sites\/2\/2021\/10\/cropped-logo-ITRAPACK-e1677671100313-1-copy.jpg\"><img decoding=\"async\" src=\"https:\/\/fomi.bi\/fr\/wp-content\/uploads\/sites\/2\/2021\/10\/cropped-logo-ITRAPACK-e1677671100313-1-copy.jpg\" alt=\"dustra\"><\/a>\r\n\t                            <\/div>\r\n\t                        \t                            <div class=\"single-item\">\r\n\t                                <a href=\"https:\/\/fomi.bi\/fr\/wp-content\/uploads\/sites\/2\/2021\/10\/MINEAGRI.png\"><img decoding=\"async\" src=\"https:\/\/fomi.bi\/fr\/wp-content\/uploads\/sites\/2\/2021\/10\/MINEAGRI.png\" alt=\"dustra\"><\/a>\r\n\t                            <\/div>\r\n\t                          \r\n                        <\/div>\r\n                    <\/div>\r\n                <\/div>\r\n            <\/div>\r\n        <\/div>\r\n    <\/div>\r\n    <!-- End Clients Area -->\r\n    \t\t\t\t\t<\/div>\n\t\t\t\t<\/div>\n\t\t\t\t\t<\/div>\n\t\t<\/div>\n\t\t\t\t\t<\/div>\n\t\t<\/section>\n\t\t\t\t<\/div>\n\t\t","protected":false},"excerpt":{"rendered":"<p>6 Ann\u00e9es d\u2019exp\u00e9rience dans le domaine de la fabrication d\u2019engrais organo-min\u00e9raux \u00c0 propos de nous FOMI est une usine qui fabrique des engrais organo-min\u00e9raux ainsi que de la chaux agricole. Elle est situ\u00e9e sur la Route Nationale 5, \u00e0 9 km du centre-ville de Bujumbura, non loin de l\u2019a\u00e9roport international. Premi\u00e8re usine d\u2019engrais organo-min\u00e9raux au [&hellip;]<\/p>\n","protected":false},"author":1,"featured_media":0,"parent":0,"menu_order":0,"comment_status":"closed","ping_status":"closed","template":"page-template\/dustra-template.php","meta":{"footnotes":""},"class_list":["post-199","page","type-page","status-publish","hentry"],"_links":{"self":[{"href":"https:\/\/fomi.bi\/fr\/wp-json\/wp\/v2\/pages\/199","targetHints":{"allow":["GET"]}}],"collection":[{"href":"https:\/\/fomi.bi\/fr\/wp-json\/wp\/v2\/pages"}],"about":[{"href":"https:\/\/fomi.bi\/fr\/wp-json\/wp\/v2\/types\/page"}],"author":[{"embeddable":true,"href":"https:\/\/fomi.bi\/fr\/wp-json\/wp\/v2\/users\/1"}],"replies":[{"embeddable":true,"href":"https:\/\/fomi.bi\/fr\/wp-json\/wp\/v2\/comments?post=199"}],"version-history":[{"count":14,"href":"https:\/\/fomi.bi\/fr\/wp-json\/wp\/v2\/pages\/199\/revisions"}],"predecessor-version":[{"id":9730,"href":"https:\/\/fomi.bi\/fr\/wp-json\/wp\/v2\/pages\/199\/revisions\/9730"}],"wp:attachment":[{"href":"https:\/\/fomi.bi\/fr\/wp-json\/wp\/v2\/media?parent=199"}],"curies":[{"name":"wp","href":"https:\/\/api.w.org\/{rel}","templated":true}]}}